{"id":2319,"date":"2025-01-09T17:37:17","date_gmt":"2025-01-09T17:37:17","guid":{"rendered":"https:\/\/artisala.nedroma.io\/home\/?page_id=2319"},"modified":"2025-01-09T17:53:11","modified_gmt":"2025-01-09T17:53:11","slug":"products","status":"publish","type":"page","link":"https:\/\/artisala.nedroma.io\/home\/en\/products\/","title":{"rendered":"Products"},"content":{"rendered":"\t\t<div data-elementor-type=\"wp-page\" data-elementor-id=\"2319\" class=\"elementor elementor-2319\" data-elementor-post-type=\"page\">\n\t\t\t\t<div class=\"elementor-element elementor-element-e8a008f e-flex e-con-boxed e-con e-parent\" data-id=\"e8a008f\" data-element_type=\"container\" data-e-type=\"container\">\n\t\t\t\t\t<div class=\"e-con-inner\">\n\t\t\t\t<div class=\"elementor-element elementor-element-8484098 elementor-widget elementor-widget-spacer\" data-id=\"8484098\" data-element_type=\"widget\" data-e-type=\"widget\" data-widget_type=\"spacer.default\">\n\t\t\t\t<div class=\"elementor-widget-container\">\n\t\t\t\t\t\t\t<div class=\"elementor-spacer\">\n\t\t\t<div class=\"elementor-spacer-inner\"><\/div>\n\t\t<\/div>\n\t\t\t\t\t\t<\/div>\n\t\t\t\t<\/div>\n\t\t\t\t\t<\/div>\n\t\t\t\t<\/div>\n\t\t<div class=\"elementor-element elementor-element-096f182 e-flex e-con-boxed e-con e-parent\" data-id=\"096f182\" data-element_type=\"container\" data-e-type=\"container\" data-settings=\"{&quot;background_background&quot;:&quot;classic&quot;}\">\n\t\t\t\t\t<div class=\"e-con-inner\">\n\t\t\t\t<div class=\"elementor-element elementor-element-25d7b36 elementor-product-loop-item--align-center elementor-grid-4 elementor-grid-tablet-3 elementor-grid-mobile-2 elementor-products-grid elementor-wc-products elementor-widget elementor-widget-woocommerce-products\" data-id=\"25d7b36\" data-element_type=\"widget\" data-e-type=\"widget\" data-widget_type=\"woocommerce-products.default\">\n\t\t\t\t<div class=\"elementor-widget-container\">\n\t\t\t\t\t<div class=\"woocommerce columns-4 \"><ul class=\"products elementor-grid columns-4\">\n<li class=\"product type-product post-2477 status-publish first instock product_cat-poterie has-post-thumbnail taxable shipping-taxable purchasable product-type-simple\">\n\t<a href=\"https:\/\/artisala.nedroma.io\/home\/product\/cocotte-en-terre-cuite-peinte-a-la-main\/\" class=\"woocommerce-LoopProduct-link woocommerce-loop-product__link\"><img fetchpriority=\"high\" decoding=\"async\" width=\"300\" height=\"300\" src=\"https:\/\/artisala.nedroma.io\/wp-content\/uploads\/2025\/02\/PRODUITS-SOUHILA-2-300x300.jpg\" class=\"attachment-woocommerce_thumbnail size-woocommerce_thumbnail\" alt=\"Cocotte en terre cuite peinte \u00e0 la main\" srcset=\"https:\/\/artisala.nedroma.io\/wp-content\/uploads\/2025\/02\/PRODUITS-SOUHILA-2-300x300.jpg 300w, https:\/\/artisala.nedroma.io\/wp-content\/uploads\/2025\/02\/PRODUITS-SOUHILA-2-1024x1024.jpg 1024w, https:\/\/artisala.nedroma.io\/wp-content\/uploads\/2025\/02\/PRODUITS-SOUHILA-2-150x150.jpg 150w, https:\/\/artisala.nedroma.io\/wp-content\/uploads\/2025\/02\/PRODUITS-SOUHILA-2-768x768.jpg 768w, https:\/\/artisala.nedroma.io\/wp-content\/uploads\/2025\/02\/PRODUITS-SOUHILA-2-1536x1536.jpg 1536w, https:\/\/artisala.nedroma.io\/wp-content\/uploads\/2025\/02\/PRODUITS-SOUHILA-2-600x600.jpg 600w, https:\/\/artisala.nedroma.io\/wp-content\/uploads\/2025\/02\/PRODUITS-SOUHILA-2-100x100.jpg 100w, https:\/\/artisala.nedroma.io\/wp-content\/uploads\/2025\/02\/PRODUITS-SOUHILA-2.jpg 1772w\" sizes=\"(max-width: 300px) 100vw, 300px\" \/><h2 class=\"woocommerce-loop-product__title\">Cocotte en terre cuite peinte \u00e0 la main<\/h2>\n\t<span class=\"price\"><span class=\"woocommerce-Price-amount amount\"><bdi><span class=\"woocommerce-Price-currencySymbol\">&#x62f;.&#x62c;<\/span>1,600.00<\/bdi><\/span><\/span>\n<\/a><a href=\"\/home\/wp-json\/wp\/v2\/pages\/2319?add-to-cart=2477\" aria-describedby=\"woocommerce_loop_add_to_cart_link_describedby_2477\" data-quantity=\"1\" class=\"button product_type_simple add_to_cart_button ajax_add_to_cart\" data-product_id=\"2477\" data-product_sku=\"\" aria-label=\"Ajouter au panier\u00a0: &ldquo;Cocotte en terre cuite peinte \u00e0 la main&rdquo;\" rel=\"nofollow\" data-success_message=\"\u00ab\u00a0Cocotte en terre cuite peinte \u00e0 la main\u00a0\u00bb a \u00e9t\u00e9 ajout\u00e9 \u00e0 votre panier\" role=\"button\">Ajouter au panier<\/a>\t<span id=\"woocommerce_loop_add_to_cart_link_describedby_2477\" class=\"screen-reader-text\">\n\t\t\t<\/span>\n<\/li>\n<li class=\"product type-product post-2476 status-publish instock product_cat-poterie has-post-thumbnail sale taxable shipping-taxable purchasable product-type-simple\">\n\t<a href=\"https:\/\/artisala.nedroma.io\/home\/product\/vase-en-poterie-peint-a-la-main-motifs-floraux\/\" class=\"woocommerce-LoopProduct-link woocommerce-loop-product__link\">\n\t<span class=\"onsale\">Promo\u00a0!<\/span>\n\t<img decoding=\"async\" width=\"300\" height=\"300\" src=\"https:\/\/artisala.nedroma.io\/wp-content\/uploads\/2025\/02\/PRODUITS-SOUHILA-1-300x300.jpg\" class=\"attachment-woocommerce_thumbnail size-woocommerce_thumbnail\" alt=\"Vase en poterie peint \u00e0 la main \u2013 Motifs Floraux\" srcset=\"https:\/\/artisala.nedroma.io\/wp-content\/uploads\/2025\/02\/PRODUITS-SOUHILA-1-300x300.jpg 300w, https:\/\/artisala.nedroma.io\/wp-content\/uploads\/2025\/02\/PRODUITS-SOUHILA-1-1024x1024.jpg 1024w, https:\/\/artisala.nedroma.io\/wp-content\/uploads\/2025\/02\/PRODUITS-SOUHILA-1-150x150.jpg 150w, https:\/\/artisala.nedroma.io\/wp-content\/uploads\/2025\/02\/PRODUITS-SOUHILA-1-768x768.jpg 768w, https:\/\/artisala.nedroma.io\/wp-content\/uploads\/2025\/02\/PRODUITS-SOUHILA-1-1536x1536.jpg 1536w, https:\/\/artisala.nedroma.io\/wp-content\/uploads\/2025\/02\/PRODUITS-SOUHILA-1-600x600.jpg 600w, https:\/\/artisala.nedroma.io\/wp-content\/uploads\/2025\/02\/PRODUITS-SOUHILA-1-100x100.jpg 100w, https:\/\/artisala.nedroma.io\/wp-content\/uploads\/2025\/02\/PRODUITS-SOUHILA-1.jpg 1772w\" sizes=\"(max-width: 300px) 100vw, 300px\" \/><h2 class=\"woocommerce-loop-product__title\">Vase en poterie peint \u00e0 la main \u2013 Motifs Floraux<\/h2>\n\t<span class=\"price\"><del aria-hidden=\"true\"><span class=\"woocommerce-Price-amount amount\"><bdi><span class=\"woocommerce-Price-currencySymbol\">&#x62f;.&#x62c;<\/span>3,500.00<\/bdi><\/span><\/del> <span class=\"screen-reader-text\">Le prix initial \u00e9tait\u00a0: &#x62f;.&#x62c;3,500.00.<\/span><ins aria-hidden=\"true\"><span class=\"woocommerce-Price-amount amount\"><bdi><span class=\"woocommerce-Price-currencySymbol\">&#x62f;.&#x62c;<\/span>3,000.00<\/bdi><\/span><\/ins><span class=\"screen-reader-text\">Le prix actuel est\u00a0: &#x62f;.&#x62c;3,000.00.<\/span><\/span>\n<\/a><a href=\"\/home\/wp-json\/wp\/v2\/pages\/2319?add-to-cart=2476\" aria-describedby=\"woocommerce_loop_add_to_cart_link_describedby_2476\" data-quantity=\"1\" class=\"button product_type_simple add_to_cart_button ajax_add_to_cart\" data-product_id=\"2476\" data-product_sku=\"\" aria-label=\"Ajouter au panier\u00a0: &ldquo;Vase en poterie peint \u00e0 la main \u2013 Motifs Floraux&rdquo;\" rel=\"nofollow\" data-success_message=\"\u00ab\u00a0Vase en poterie peint \u00e0 la main \u2013 Motifs Floraux\u00a0\u00bb a \u00e9t\u00e9 ajout\u00e9 \u00e0 votre panier\" role=\"button\">Ajouter au panier<\/a>\t<span id=\"woocommerce_loop_add_to_cart_link_describedby_2476\" class=\"screen-reader-text\">\n\t\t\t<\/span>\n<\/li>\n<li class=\"product type-product post-2470 status-publish instock product_cat-poterie has-post-thumbnail taxable shipping-taxable purchasable product-type-simple\">\n\t<a href=\"https:\/\/artisala.nedroma.io\/home\/product\/vase-berbere-algerien-fait-main\/\" class=\"woocommerce-LoopProduct-link woocommerce-loop-product__link\"><img decoding=\"async\" width=\"300\" height=\"300\" src=\"https:\/\/artisala.nedroma.io\/wp-content\/uploads\/2025\/02\/PRODUITS-SOUHILA-300x300.jpg\" class=\"attachment-woocommerce_thumbnail size-woocommerce_thumbnail\" alt=\"Vase berb\u00e8re alg\u00e9rien fait main\" srcset=\"https:\/\/artisala.nedroma.io\/wp-content\/uploads\/2025\/02\/PRODUITS-SOUHILA-300x300.jpg 300w, https:\/\/artisala.nedroma.io\/wp-content\/uploads\/2025\/02\/PRODUITS-SOUHILA-1024x1024.jpg 1024w, https:\/\/artisala.nedroma.io\/wp-content\/uploads\/2025\/02\/PRODUITS-SOUHILA-150x150.jpg 150w, https:\/\/artisala.nedroma.io\/wp-content\/uploads\/2025\/02\/PRODUITS-SOUHILA-768x768.jpg 768w, https:\/\/artisala.nedroma.io\/wp-content\/uploads\/2025\/02\/PRODUITS-SOUHILA-1536x1536.jpg 1536w, https:\/\/artisala.nedroma.io\/wp-content\/uploads\/2025\/02\/PRODUITS-SOUHILA-600x600.jpg 600w, https:\/\/artisala.nedroma.io\/wp-content\/uploads\/2025\/02\/PRODUITS-SOUHILA-100x100.jpg 100w, https:\/\/artisala.nedroma.io\/wp-content\/uploads\/2025\/02\/PRODUITS-SOUHILA.jpg 1772w\" sizes=\"(max-width: 300px) 100vw, 300px\" \/><h2 class=\"woocommerce-loop-product__title\">Vase berb\u00e8re alg\u00e9rien fait main<\/h2>\n\t<span class=\"price\"><span class=\"woocommerce-Price-amount amount\"><bdi><span class=\"woocommerce-Price-currencySymbol\">&#x62f;.&#x62c;<\/span>3,000.00<\/bdi><\/span><\/span>\n<\/a><a href=\"\/home\/wp-json\/wp\/v2\/pages\/2319?add-to-cart=2470\" aria-describedby=\"woocommerce_loop_add_to_cart_link_describedby_2470\" data-quantity=\"1\" class=\"button product_type_simple add_to_cart_button ajax_add_to_cart\" data-product_id=\"2470\" data-product_sku=\"\" aria-label=\"Ajouter au panier\u00a0: &ldquo;Vase berb\u00e8re alg\u00e9rien fait main&rdquo;\" rel=\"nofollow\" data-success_message=\"\u00ab\u00a0Vase berb\u00e8re alg\u00e9rien fait main\u00a0\u00bb a \u00e9t\u00e9 ajout\u00e9 \u00e0 votre panier\" role=\"button\">Ajouter au panier<\/a>\t<span id=\"woocommerce_loop_add_to_cart_link_describedby_2470\" class=\"screen-reader-text\">\n\t\t\t<\/span>\n<\/li>\n<li class=\"product type-product post-2049 status-publish last instock product_cat-ceramique has-post-thumbnail sale taxable shipping-taxable purchasable product-type-simple\">\n\t<a href=\"https:\/\/artisala.nedroma.io\/home\/product\/puzzle-artisanal\/\" class=\"woocommerce-LoopProduct-link woocommerce-loop-product__link\">\n\t<span class=\"onsale\">Promo\u00a0!<\/span>\n\t<img loading=\"lazy\" decoding=\"async\" width=\"300\" height=\"300\" src=\"https:\/\/artisala.nedroma.io\/wp-content\/uploads\/2025\/01\/WhatsApp-Image-2024-09-10-at-11.58.03-300x300.jpeg\" class=\"attachment-woocommerce_thumbnail size-woocommerce_thumbnail\" alt=\"Puzzle artisanal\" srcset=\"https:\/\/artisala.nedroma.io\/wp-content\/uploads\/2025\/01\/WhatsApp-Image-2024-09-10-at-11.58.03-300x300.jpeg 300w, https:\/\/artisala.nedroma.io\/wp-content\/uploads\/2025\/01\/WhatsApp-Image-2024-09-10-at-11.58.03-150x150.jpeg 150w, https:\/\/artisala.nedroma.io\/wp-content\/uploads\/2025\/01\/WhatsApp-Image-2024-09-10-at-11.58.03-100x100.jpeg 100w\" sizes=\"(max-width: 300px) 100vw, 300px\" \/><h2 class=\"woocommerce-loop-product__title\">Puzzle artisanal<\/h2><div class=\"star-rating\" role=\"img\" aria-label=\"Note 5.00 sur 5\"><span style=\"width:100%\">Note <strong class=\"rating\">5.00<\/strong> sur 5<\/span><\/div>\n\t<span class=\"price\"><del aria-hidden=\"true\"><span class=\"woocommerce-Price-amount amount\"><bdi><span class=\"woocommerce-Price-currencySymbol\">&#x62f;.&#x62c;<\/span>3,500.00<\/bdi><\/span><\/del> <span class=\"screen-reader-text\">Le prix initial \u00e9tait\u00a0: &#x62f;.&#x62c;3,500.00.<\/span><ins aria-hidden=\"true\"><span class=\"woocommerce-Price-amount amount\"><bdi><span class=\"woocommerce-Price-currencySymbol\">&#x62f;.&#x62c;<\/span>3,000.00<\/bdi><\/span><\/ins><span class=\"screen-reader-text\">Le prix actuel est\u00a0: &#x62f;.&#x62c;3,000.00.<\/span><\/span>\n<\/a><a href=\"\/home\/wp-json\/wp\/v2\/pages\/2319?add-to-cart=2049\" aria-describedby=\"woocommerce_loop_add_to_cart_link_describedby_2049\" data-quantity=\"1\" class=\"button product_type_simple add_to_cart_button ajax_add_to_cart\" data-product_id=\"2049\" data-product_sku=\"\" aria-label=\"Ajouter au panier\u00a0: &ldquo;Puzzle artisanal&rdquo;\" rel=\"nofollow\" data-success_message=\"\u00ab\u00a0Puzzle artisanal\u00a0\u00bb a \u00e9t\u00e9 ajout\u00e9 \u00e0 votre panier\" role=\"button\">Ajouter au panier<\/a>\t<span id=\"woocommerce_loop_add_to_cart_link_describedby_2049\" class=\"screen-reader-text\">\n\t\t\t<\/span>\n<\/li>\n<li class=\"product type-product post-2024 status-publish first instock product_cat-tableau has-post-thumbnail taxable shipping-taxable purchasable product-type-simple\">\n\t<a href=\"https:\/\/artisala.nedroma.io\/home\/product\/tableau-artisanal\/\" class=\"woocommerce-LoopProduct-link woocommerce-loop-product__link\"><img loading=\"lazy\" decoding=\"async\" width=\"300\" height=\"300\" src=\"https:\/\/artisala.nedroma.io\/wp-content\/uploads\/2025\/01\/Design-sans-titre-1-300x300.png\" class=\"attachment-woocommerce_thumbnail size-woocommerce_thumbnail\" alt=\"Tableau artisanal\" srcset=\"https:\/\/artisala.nedroma.io\/wp-content\/uploads\/2025\/01\/Design-sans-titre-1-300x300.png 300w, https:\/\/artisala.nedroma.io\/wp-content\/uploads\/2025\/01\/Design-sans-titre-1-150x150.png 150w, https:\/\/artisala.nedroma.io\/wp-content\/uploads\/2025\/01\/Design-sans-titre-1-100x100.png 100w, https:\/\/artisala.nedroma.io\/wp-content\/uploads\/2025\/01\/Design-sans-titre-1.png 500w\" sizes=\"(max-width: 300px) 100vw, 300px\" \/><h2 class=\"woocommerce-loop-product__title\">Tableau artisanal<\/h2><div class=\"star-rating\" role=\"img\" aria-label=\"Note 5.00 sur 5\"><span style=\"width:100%\">Note <strong class=\"rating\">5.00<\/strong> sur 5<\/span><\/div>\n\t<span class=\"price\"><span class=\"woocommerce-Price-amount amount\"><bdi><span class=\"woocommerce-Price-currencySymbol\">&#x62f;.&#x62c;<\/span>3,000.00<\/bdi><\/span><\/span>\n<\/a><a href=\"\/home\/wp-json\/wp\/v2\/pages\/2319?add-to-cart=2024\" aria-describedby=\"woocommerce_loop_add_to_cart_link_describedby_2024\" data-quantity=\"1\" class=\"button product_type_simple add_to_cart_button ajax_add_to_cart\" data-product_id=\"2024\" data-product_sku=\"\" aria-label=\"Ajouter au panier\u00a0: &ldquo;Tableau artisanal&rdquo;\" rel=\"nofollow\" data-success_message=\"\u00ab\u00a0Tableau artisanal\u00a0\u00bb a \u00e9t\u00e9 ajout\u00e9 \u00e0 votre panier\" role=\"button\">Ajouter au panier<\/a>\t<span id=\"woocommerce_loop_add_to_cart_link_describedby_2024\" class=\"screen-reader-text\">\n\t\t\t<\/span>\n<\/li>\n<\/ul>\n<\/div>\t\t\t\t<\/div>\n\t\t\t\t<\/div>\n\t\t\t\t\t<\/div>\n\t\t\t\t<\/div>\n\t\t\t\t<\/div>\n\t\t","protected":false},"excerpt":{"rendered":"","protected":false},"author":1,"featured_media":0,"parent":0,"menu_order":0,"comment_status":"closed","ping_status":"closed","template":"elementor_canvas","meta":{"_acf_changed":false,"footnotes":""},"class_list":["post-2319","page","type-page","status-publish","hentry"],"acf":[],"_links":{"self":[{"href":"https:\/\/artisala.nedroma.io\/home\/wp-json\/wp\/v2\/pages\/2319","targetHints":{"allow":["GET"]}}],"collection":[{"href":"https:\/\/artisala.nedroma.io\/home\/wp-json\/wp\/v2\/pages"}],"about":[{"href":"https:\/\/artisala.nedroma.io\/home\/wp-json\/wp\/v2\/types\/page"}],"author":[{"embeddable":true,"href":"https:\/\/artisala.nedroma.io\/home\/wp-json\/wp\/v2\/users\/1"}],"replies":[{"embeddable":true,"href":"https:\/\/artisala.nedroma.io\/home\/wp-json\/wp\/v2\/comments?post=2319"}],"version-history":[{"count":7,"href":"https:\/\/artisala.nedroma.io\/home\/wp-json\/wp\/v2\/pages\/2319\/revisions"}],"predecessor-version":[{"id":2326,"href":"https:\/\/artisala.nedroma.io\/home\/wp-json\/wp\/v2\/pages\/2319\/revisions\/2326"}],"wp:attachment":[{"href":"https:\/\/artisala.nedroma.io\/home\/wp-json\/wp\/v2\/media?parent=2319"}],"curies":[{"name":"wp","href":"https:\/\/api.w.org\/{rel}","templated":true}]}}