{"id":2024,"date":"2025-01-08T09:33:37","date_gmt":"2025-01-08T09:33:37","guid":{"rendered":"https:\/\/artisala.nedroma.io\/home\/?post_type=product&#038;p=2024"},"modified":"2025-01-10T12:03:47","modified_gmt":"2025-01-10T12:03:47","slug":"tableau-artisanal","status":"publish","type":"product","link":"https:\/\/artisala.nedroma.io\/home\/product\/tableau-artisanal\/","title":{"rendered":"Tableau artisanal"},"content":{"rendered":"<h4>Une \u0152uvre d&rsquo;art unique<\/h4>\n<p>Ce tableau repr\u00e9sentant deux cavaliers alg\u00e9riens traditionnels est une pi\u00e8ce ma\u00eetresse, r\u00e9alis\u00e9e avec soin \u00e0 Nedroma. Chaque d\u00e9tail de cette \u0153uvre fait main \u00e9voque l&rsquo;h\u00e9ritage culturel riche et le savoir-faire artisanal de cette r\u00e9gion d&rsquo;Alg\u00e9rie.<\/p>\n<h4>Un voyage \u00e0 travers la culture alg\u00e9rienne<\/h4>\n<p>Les cavaliers, captur\u00e9s dans une sc\u00e8ne dynamique, t\u00e9moignent de la passion et de la fiert\u00e9 des traditions alg\u00e9riennes. L&rsquo;utilisation de couleurs vibrantes et de techniques artistiques traditionnelles cr\u00e9e une atmosph\u00e8re fascinante, invitant les spectateurs \u00e0 explorer la beaut\u00e9 de ce patrimoine.<\/p>\n<h4>Un ajout \u00e9l\u00e9gant \u00e0 votre d\u00e9cor<\/h4>\n<p>Ce tableau est non seulement une \u0153uvre d&rsquo;art, mais aussi un ajout \u00e9l\u00e9gant \u00e0 toute d\u00e9coration int\u00e9rieure. Que ce soit pour votre salon ou votre bureau, il apportera une touche d&rsquo;authenticit\u00e9 et de chaleur. Offrez-vous ou offrez \u00e0 un proche ce magnifique tableau des cavaliers alg\u00e9riens fait main, un symbole de cr\u00e9ativit\u00e9 et d&rsquo;h\u00e9ritage culturels.<\/p>\n","protected":false},"excerpt":{"rendered":"<p>Ce tableau repr\u00e9sentant deux cavaliers alg\u00e9riens traditionnels est une pi\u00e8ce ma\u00eetresse, r\u00e9alis\u00e9e avec soin \u00e0 Nedroma. Chaque d\u00e9tail de cette \u0153uvre fait main \u00e9voque l&rsquo;h\u00e9ritage culturel riche et le savoir-faire artisanal de cette r\u00e9gion d&rsquo;Alg\u00e9rie.<\/p>\n","protected":false},"featured_media":2030,"comment_status":"open","ping_status":"closed","template":"","meta":{"_acf_changed":false},"product_brand":[],"product_cat":[57],"product_tag":[],"class_list":{"0":"post-2024","1":"product","2":"type-product","3":"status-publish","4":"has-post-thumbnail","6":"product_cat-tableau","8":"first","9":"instock","10":"taxable","11":"shipping-taxable","12":"purchasable","13":"product-type-simple"},"acf":[],"_links":{"self":[{"href":"https:\/\/artisala.nedroma.io\/home\/wp-json\/wp\/v2\/product\/2024","targetHints":{"allow":["GET"]}}],"collection":[{"href":"https:\/\/artisala.nedroma.io\/home\/wp-json\/wp\/v2\/product"}],"about":[{"href":"https:\/\/artisala.nedroma.io\/home\/wp-json\/wp\/v2\/types\/product"}],"replies":[{"embeddable":true,"href":"https:\/\/artisala.nedroma.io\/home\/wp-json\/wp\/v2\/comments?post=2024"}],"wp:featuredmedia":[{"embeddable":true,"href":"https:\/\/artisala.nedroma.io\/home\/wp-json\/wp\/v2\/media\/2030"}],"wp:attachment":[{"href":"https:\/\/artisala.nedroma.io\/home\/wp-json\/wp\/v2\/media?parent=2024"}],"wp:term":[{"taxonomy":"product_brand","embeddable":true,"href":"https:\/\/artisala.nedroma.io\/home\/wp-json\/wp\/v2\/product_brand?post=2024"},{"taxonomy":"product_cat","embeddable":true,"href":"https:\/\/artisala.nedroma.io\/home\/wp-json\/wp\/v2\/product_cat?post=2024"},{"taxonomy":"product_tag","embeddable":true,"href":"https:\/\/artisala.nedroma.io\/home\/wp-json\/wp\/v2\/product_tag?post=2024"}],"curies":[{"name":"wp","href":"https:\/\/api.w.org\/{rel}","templated":true}]}}