{"id":2049,"date":"2025-01-08T14:24:01","date_gmt":"2025-01-08T14:24:01","guid":{"rendered":"https:\/\/artisala.nedroma.io\/home\/?post_type=product&#038;p=2049"},"modified":"2025-01-10T01:53:13","modified_gmt":"2025-01-10T01:53:13","slug":"puzzle-artisanal","status":"publish","type":"product","link":"https:\/\/artisala.nedroma.io\/home\/product\/puzzle-artisanal\/","title":{"rendered":"Puzzle artisanal"},"content":{"rendered":"<div style=\"width: 640px;\" class=\"wp-video\"><!--[if lt IE 9]><script>document.createElement('video');<\/script><![endif]-->\n<video class=\"wp-video-shortcode\" id=\"video-2049-1\" width=\"640\" height=\"360\" preload=\"metadata\" controls=\"controls\"><source type=\"video\/mp4\" src=\"https:\/\/artisala.nedroma.io\/wp-content\/uploads\/2024\/09\/Puzzle.mp4?_=1\" \/><a href=\"https:\/\/artisala.nedroma.io\/wp-content\/uploads\/2024\/09\/Puzzle.mp4\">https:\/\/artisala.nedroma.io\/wp-content\/uploads\/2024\/09\/Puzzle.mp4<\/a><\/video><\/div>\n<h4>Un Art Unique de Nedroma<\/h4>\n<p>Le puzzle artisanal alg\u00e9rien, originaire de la r\u00e9gion de Nedroma, est un v\u00e9ritable chef-d&rsquo;\u0153uvre. Ce magnifique produit met en avant la riche culture et l&rsquo;artisanat local, r\u00e9alis\u00e9 avec soin et passion. Chaque pi\u00e8ce est fa\u00e7onn\u00e9e \u00e0 la main, garantissant une qualit\u00e9 exceptionnelle.<\/p>\n<h4>Sp\u00e9cifications du Produit<\/h4>\n<p>Fabriqu\u00e9 en ciment de haute qualit\u00e9, ce puzzle mesure 100 cm x 100 cm. Sa dimension optimale permet de l&rsquo;int\u00e9grer dans divers espaces, ajoutant une touche d&rsquo;originalit\u00e9 \u00e0 votre d\u00e9coration int\u00e9rieure. Il est parfait pour ceux qui appr\u00e9cient les articles uniques et artisanaux.<\/p>\n<h4>Commandes Personnalis\u00e9es Disponibles<\/h4>\n<p>Avez-vous une id\u00e9e sp\u00e9cifique en t\u00eate? Le puzzle artisanal offre des options de commande personnalis\u00e9e pour r\u00e9pondre \u00e0 vos besoins uniques. N&rsquo;h\u00e9sitez pas \u00e0 passer commande et faites de cet article une pi\u00e8ce ma\u00eetresse dans votre maison!<\/p>\n","protected":false},"excerpt":{"rendered":"<p>Le puzzle artisanal alg\u00e9rien, originaire de la r\u00e9gion de Nedroma, est un v\u00e9ritable chef-d&rsquo;\u0153uvre. Ce magnifique produit met en avant la riche culture et l&rsquo;artisanat local, r\u00e9alis\u00e9 avec soin et passion. Chaque pi\u00e8ce est fa\u00e7onn\u00e9e \u00e0 la main, garantissant une qualit\u00e9 exceptionnelle.<\/p>\n","protected":false},"featured_media":2050,"comment_status":"open","ping_status":"closed","template":"","meta":{"_acf_changed":false},"product_brand":[],"product_cat":[80],"product_tag":[],"class_list":{"0":"post-2049","1":"product","2":"type-product","3":"status-publish","4":"has-post-thumbnail","6":"product_cat-ceramique","8":"first","9":"instock","10":"sale","11":"taxable","12":"shipping-taxable","13":"purchasable","14":"product-type-simple"},"acf":[],"_links":{"self":[{"href":"https:\/\/artisala.nedroma.io\/home\/wp-json\/wp\/v2\/product\/2049","targetHints":{"allow":["GET"]}}],"collection":[{"href":"https:\/\/artisala.nedroma.io\/home\/wp-json\/wp\/v2\/product"}],"about":[{"href":"https:\/\/artisala.nedroma.io\/home\/wp-json\/wp\/v2\/types\/product"}],"replies":[{"embeddable":true,"href":"https:\/\/artisala.nedroma.io\/home\/wp-json\/wp\/v2\/comments?post=2049"}],"wp:featuredmedia":[{"embeddable":true,"href":"https:\/\/artisala.nedroma.io\/home\/wp-json\/wp\/v2\/media\/2050"}],"wp:attachment":[{"href":"https:\/\/artisala.nedroma.io\/home\/wp-json\/wp\/v2\/media?parent=2049"}],"wp:term":[{"taxonomy":"product_brand","embeddable":true,"href":"https:\/\/artisala.nedroma.io\/home\/wp-json\/wp\/v2\/product_brand?post=2049"},{"taxonomy":"product_cat","embeddable":true,"href":"https:\/\/artisala.nedroma.io\/home\/wp-json\/wp\/v2\/product_cat?post=2049"},{"taxonomy":"product_tag","embeddable":true,"href":"https:\/\/artisala.nedroma.io\/home\/wp-json\/wp\/v2\/product_tag?post=2049"}],"curies":[{"name":"wp","href":"https:\/\/api.w.org\/{rel}","templated":true}]}}