{"id":2470,"date":"2025-02-26T20:50:37","date_gmt":"2025-02-26T20:50:37","guid":{"rendered":"https:\/\/artisala.nedroma.io\/home\/?post_type=product&#038;p=2470"},"modified":"2025-02-26T20:54:29","modified_gmt":"2025-02-26T20:54:29","slug":"vase-berbere-algerien-fait-main","status":"publish","type":"product","link":"https:\/\/artisala.nedroma.io\/home\/product\/vase-berbere-algerien-fait-main\/","title":{"rendered":"Vase berb\u00e8re alg\u00e9rien fait main"},"content":{"rendered":"<p>Ajoutez une touche d&rsquo;authenticit\u00e9 et d&rsquo;\u00e9l\u00e9gance \u00e0 votre int\u00e9rieur avec ce magnifique vase en poterie traditionnelle, enti\u00e8rement peint \u00e0 la main par les mains talentueuses de KALAI Souhila. Inspir\u00e9 des motifs berb\u00e8res, ce vase arbore des motifs g\u00e9om\u00e9triques raffin\u00e9s, sublim\u00e9s par des couleurs vives et harmonieuses. Id\u00e9al pour sublimer votre d\u00e9coration, il peut \u00eatre utilis\u00e9 comme objet d\u2019art ou pour accueillir vos compositions florales.<br \/>\nDisponible en quantit\u00e9 limit\u00e9e ! Commandez d\u00e8s maintenant pour poss\u00e9der une \u0153uvre d&rsquo;art unique.<\/p>\n","protected":false},"excerpt":{"rendered":"<p>Ajoutez une touche d&rsquo;authenticit\u00e9 et d&rsquo;\u00e9l\u00e9gance \u00e0 votre int\u00e9rieur avec ce magnifique vase en poterie traditionnelle, enti\u00e8rement peint \u00e0 la main par les mains talentueuses de KALAI Souhila. Inspir\u00e9 des motifs berb\u00e8res, ce vase arbore des motifs g\u00e9om\u00e9triques raffin\u00e9s, sublim\u00e9s par des couleurs vives et harmonieuses. Id\u00e9al pour sublimer votre d\u00e9coration, il peut \u00eatre utilis\u00e9 [&hellip;]<\/p>\n","protected":false},"featured_media":2472,"comment_status":"open","ping_status":"closed","template":"","meta":{"_acf_changed":false},"product_brand":[],"product_cat":[97],"product_tag":[],"class_list":{"0":"post-2470","1":"product","2":"type-product","3":"status-publish","4":"has-post-thumbnail","6":"product_cat-poterie","8":"first","9":"instock","10":"taxable","11":"shipping-taxable","12":"purchasable","13":"product-type-simple"},"acf":[],"_links":{"self":[{"href":"https:\/\/artisala.nedroma.io\/home\/wp-json\/wp\/v2\/product\/2470","targetHints":{"allow":["GET"]}}],"collection":[{"href":"https:\/\/artisala.nedroma.io\/home\/wp-json\/wp\/v2\/product"}],"about":[{"href":"https:\/\/artisala.nedroma.io\/home\/wp-json\/wp\/v2\/types\/product"}],"replies":[{"embeddable":true,"href":"https:\/\/artisala.nedroma.io\/home\/wp-json\/wp\/v2\/comments?post=2470"}],"wp:featuredmedia":[{"embeddable":true,"href":"https:\/\/artisala.nedroma.io\/home\/wp-json\/wp\/v2\/media\/2472"}],"wp:attachment":[{"href":"https:\/\/artisala.nedroma.io\/home\/wp-json\/wp\/v2\/media?parent=2470"}],"wp:term":[{"taxonomy":"product_brand","embeddable":true,"href":"https:\/\/artisala.nedroma.io\/home\/wp-json\/wp\/v2\/product_brand?post=2470"},{"taxonomy":"product_cat","embeddable":true,"href":"https:\/\/artisala.nedroma.io\/home\/wp-json\/wp\/v2\/product_cat?post=2470"},{"taxonomy":"product_tag","embeddable":true,"href":"https:\/\/artisala.nedroma.io\/home\/wp-json\/wp\/v2\/product_tag?post=2470"}],"curies":[{"name":"wp","href":"https:\/\/api.w.org\/{rel}","templated":true}]}}