{"id":2476,"date":"2025-02-26T21:09:57","date_gmt":"2025-02-26T21:09:57","guid":{"rendered":"https:\/\/artisala.nedroma.io\/home\/?post_type=product&#038;p=2476"},"modified":"2025-02-26T21:09:57","modified_gmt":"2025-02-26T21:09:57","slug":"vase-en-poterie-peint-a-la-main-motifs-floraux","status":"publish","type":"product","link":"https:\/\/artisala.nedroma.io\/home\/product\/vase-en-poterie-peint-a-la-main-motifs-floraux\/","title":{"rendered":"Vase en poterie peint \u00e0 la main \u2013 Motifs Floraux"},"content":{"rendered":"<p>Ajoutez une touche de fra\u00eecheur et de couleur \u00e0 votre d\u00e9coration avec ce splendide vase en poterie, orn\u00e9 de motifs floraux peints \u00e0 la main. Son design aux teintes vives et harmonieuses \u00e9voque l\u2019artisanat traditionnel tout en apportant une \u00e9l\u00e9gance intemporelle. Id\u00e9al pour sublimer vos fleurs ou en tant que pi\u00e8ce d\u00e9corative unique.<\/p>\n","protected":false},"excerpt":{"rendered":"<p>Ajoutez une touche de fra\u00eecheur et de couleur \u00e0 votre d\u00e9coration avec ce splendide vase en poterie, orn\u00e9 de motifs floraux peints \u00e0 la main. Son design aux teintes vives et harmonieuses \u00e9voque l\u2019artisanat traditionnel tout en apportant une \u00e9l\u00e9gance intemporelle. Id\u00e9al pour sublimer vos fleurs ou en tant que pi\u00e8ce d\u00e9corative unique.<\/p>\n","protected":false},"featured_media":2473,"comment_status":"open","ping_status":"closed","template":"","meta":{"_acf_changed":false},"product_brand":[],"product_cat":[97],"product_tag":[],"class_list":{"0":"post-2476","1":"product","2":"type-product","3":"status-publish","4":"has-post-thumbnail","6":"product_cat-poterie","8":"first","9":"instock","10":"sale","11":"taxable","12":"shipping-taxable","13":"purchasable","14":"product-type-simple"},"acf":[],"_links":{"self":[{"href":"https:\/\/artisala.nedroma.io\/home\/wp-json\/wp\/v2\/product\/2476","targetHints":{"allow":["GET"]}}],"collection":[{"href":"https:\/\/artisala.nedroma.io\/home\/wp-json\/wp\/v2\/product"}],"about":[{"href":"https:\/\/artisala.nedroma.io\/home\/wp-json\/wp\/v2\/types\/product"}],"replies":[{"embeddable":true,"href":"https:\/\/artisala.nedroma.io\/home\/wp-json\/wp\/v2\/comments?post=2476"}],"wp:featuredmedia":[{"embeddable":true,"href":"https:\/\/artisala.nedroma.io\/home\/wp-json\/wp\/v2\/media\/2473"}],"wp:attachment":[{"href":"https:\/\/artisala.nedroma.io\/home\/wp-json\/wp\/v2\/media?parent=2476"}],"wp:term":[{"taxonomy":"product_brand","embeddable":true,"href":"https:\/\/artisala.nedroma.io\/home\/wp-json\/wp\/v2\/product_brand?post=2476"},{"taxonomy":"product_cat","embeddable":true,"href":"https:\/\/artisala.nedroma.io\/home\/wp-json\/wp\/v2\/product_cat?post=2476"},{"taxonomy":"product_tag","embeddable":true,"href":"https:\/\/artisala.nedroma.io\/home\/wp-json\/wp\/v2\/product_tag?post=2476"}],"curies":[{"name":"wp","href":"https:\/\/api.w.org\/{rel}","templated":true}]}}